{"id":613,"date":"2026-01-30T16:55:35","date_gmt":"2026-01-30T15:55:35","guid":{"rendered":"https:\/\/www.uat.aco.pro\/?page_id=613"},"modified":"2026-02-17T15:50:55","modified_gmt":"2026-02-17T14:50:55","slug":"contact","status":"publish","type":"page","link":"https:\/\/www.uat.aco.pro\/en\/contact\/","title":{"rendered":"Contact"},"content":{"rendered":"<div data-elementor-type=\"wp-page\" data-elementor-id=\"613\" class=\"elementor elementor-613\">\n\t\t\t\t<div class=\"elementor-element elementor-element-45b71c6 e-flex e-con-boxed wpr-particle-no wpr-jarallax-no wpr-parallax-no wpr-sticky-section-no e-con e-parent\" data-id=\"45b71c6\" data-element_type=\"container\" data-e-type=\"container\">\n\t\t\t\t\t<div class=\"e-con-inner\">\n\t\t<div class=\"elementor-element elementor-element-045a38d e-con-full bg-custom-radient e-flex wpr-particle-no wpr-jarallax-no wpr-parallax-no wpr-sticky-section-no e-con e-child\" data-id=\"045a38d\" data-element_type=\"container\" data-e-type=\"container\">\n\t\t<div class=\"elementor-element elementor-element-5c57491 e-con-full e-flex wpr-particle-no wpr-jarallax-no wpr-parallax-no wpr-sticky-section-no elementor-invisible e-con e-child\" data-id=\"5c57491\" data-element_type=\"container\" data-e-type=\"container\" data-settings=\"{&quot;animation&quot;:&quot;fadeInUp&quot;}\">\n\t\t\t\t<div class=\"elementor-element elementor-element-e4fff85 elementor-position-inline-start elementor-mobile-position-inline-start elementor-widget-mobile__width-inherit elementor-view-default elementor-widget elementor-widget-icon-box\" data-id=\"e4fff85\" data-element_type=\"widget\" data-e-type=\"widget\" data-widget_type=\"icon-box.default\">\n\t\t\t\t\t\t\t<div class=\"elementor-icon-box-wrapper\">\n\n\t\t\t\t\t\t<div class=\"elementor-icon-box-icon\">\n\t\t\t\t<span  class=\"elementor-icon\">\n\t\t\t\t<svg class=\"ekit-svg-icon icon-phone1\" viewbox=\"0 0 32 32\" xmlns=\"http:\/\/www.w3.org\/2000\/svg\"><path d=\"M25.288 20.225c-0.656-0.681-1.444-1.044-2.281-1.044-0.831 0-1.625 0.356-2.313 1.038l-2.131 2.125c-0.175-0.094-0.35-0.181-0.519-0.269-0.244-0.119-0.475-0.238-0.669-0.356-2-1.269-3.819-2.925-5.556-5.063-0.844-1.069-1.412-1.963-1.825-2.875 0.556-0.506 1.069-1.031 1.569-1.537 0.188-0.188 0.381-0.387 0.569-0.575 1.419-1.419 1.419-3.256 0-4.675l-1.844-1.844c-0.206-0.206-0.425-0.425-0.625-0.644-0.406-0.419-0.831-0.85-1.269-1.256-0.656-0.65-1.438-0.994-2.263-0.994s-1.619 0.344-2.294 0.994c-0.006 0.006-0.006 0.006-0.013 0.013l-2.294 2.319c-0.863 0.862-1.356 1.919-1.462 3.138-0.163 1.975 0.419 3.806 0.863 5.013 1.094 2.95 2.731 5.688 5.169 8.619 2.956 3.531 6.519 6.319 10.581 8.288 1.556 0.738 3.625 1.606 5.944 1.756 0.144 0.006 0.288 0.013 0.425 0.013 1.563 0 2.869-0.563 3.9-1.675 0.006-0.012 0.019-0.019 0.025-0.031 0.35-0.425 0.756-0.813 1.181-1.225 0.288-0.275 0.587-0.569 0.875-0.869 0.669-0.694 1.019-1.506 1.019-2.337 0-0.837-0.356-1.644-1.038-2.319l-3.725-3.725zM27.706 27.337c-0.006 0-0.006 0.006 0 0-0.262 0.281-0.531 0.538-0.825 0.825-0.438 0.419-0.887 0.856-1.306 1.35-0.681 0.731-1.488 1.075-2.538 1.075-0.1 0-0.206 0-0.313-0.006-2.006-0.131-3.869-0.913-5.269-1.581-3.825-1.85-7.181-4.475-9.969-7.806-2.294-2.781-3.837-5.35-4.856-8.1-0.625-1.681-0.856-2.994-0.756-4.225 0.069-0.787 0.369-1.444 0.931-2.006l2.3-2.3c0.331-0.313 0.681-0.481 1.025-0.481 0.425 0 0.769 0.256 0.987 0.475 0.006 0.006 0.013 0.013 0.019 0.019 0.412 0.388 0.806 0.781 1.219 1.206 0.206 0.219 0.425 0.431 0.644 0.656l1.844 1.844c0.719 0.719 0.719 1.375 0 2.094-0.194 0.194-0.387 0.394-0.581 0.581-0.569 0.581-1.106 1.119-1.694 1.65-0.012 0.012-0.025 0.019-0.031 0.031-0.581 0.581-0.475 1.15-0.35 1.531 0.006 0.019 0.012 0.037 0.019 0.063 0.481 1.162 1.156 2.256 2.181 3.556l0.006 0.006c1.863 2.294 3.831 4.087 6 5.456 0.275 0.175 0.563 0.319 0.831 0.45 0.244 0.119 0.475 0.238 0.669 0.356 0.025 0.012 0.056 0.031 0.081 0.050 0.231 0.113 0.444 0.169 0.669 0.169 0.563 0 0.913-0.35 1.025-0.469l2.313-2.313c0.231-0.231 0.594-0.506 1.019-0.506 0.419 0 0.762 0.262 0.975 0.494 0.006 0.006 0.006 0.006 0.012 0.012l3.719 3.719c0.688 0.7 0.688 1.406 0 2.125zM17.294 8.012c1.769 0.3 3.375 1.137 4.662 2.419s2.113 2.894 2.419 4.662c0.075 0.444 0.456 0.756 0.9 0.756 0.056 0 0.1-0.006 0.156-0.012 0.5-0.081 0.831-0.556 0.75-1.056-0.363-2.144-1.375-4.094-2.925-5.638-1.544-1.544-3.5-2.563-5.637-2.925-0.5-0.081-0.969 0.25-1.056 0.744-0.094 0.487 0.231 0.969 0.731 1.050zM31.962 14.519c-0.6-3.525-2.262-6.731-4.813-9.287s-5.762-4.213-9.288-4.813c-0.494-0.088-0.956 0.25-1.044 0.744-0.081 0.5 0.25 0.969 0.75 1.056 3.15 0.531 6.019 2.025 8.3 4.3 2.281 2.281 3.769 5.156 4.3 8.3 0.075 0.444 0.456 0.756 0.9 0.756 0.056 0 0.1-0.006 0.156-0.012 0.488-0.081 0.825-0.556 0.738-1.044z\"><\/path><\/svg>\t\t\t\t<\/span>\n\t\t\t<\/div>\n\t\t\t\n\t\t\t\t\t\t<div class=\"elementor-icon-box-content\">\n\n\t\t\t\t\t\t\t\t\t<h3 class=\"elementor-icon-box-title\">\n\t\t\t\t\t\t<span  >\n\t\t\t\t\t\t\tPhone\t\t\t\t\t\t<\/span>\n\t\t\t\t\t<\/h3>\n\t\t\t\t\n\t\t\t\t\t\t\t\t\t<p class=\"elementor-icon-box-description\">\n\t\t\t\t\t\t<a href=\"tel:+35227861746\" style=\"color: #0bbcc1\">+352 27 86 17 46<\/a>\t\t\t\t\t<\/p>\n\t\t\t\t\n\t\t\t<\/div>\n\t\t\t\n\t\t<\/div>\n\t\t\t\t\t\t<\/div>\n\t\t\t\t<div class=\"elementor-element elementor-element-78703fc elementor-position-inline-start elementor-mobile-position-inline-start elementor-widget-mobile__width-inherit elementor-view-default elementor-widget elementor-widget-icon-box\" data-id=\"78703fc\" data-element_type=\"widget\" data-e-type=\"widget\" data-widget_type=\"icon-box.default\">\n\t\t\t\t\t\t\t<div class=\"elementor-icon-box-wrapper\">\n\n\t\t\t\t\t\t<div class=\"elementor-icon-box-icon\">\n\t\t\t\t<span  class=\"elementor-icon\">\n\t\t\t\t<svg class=\"ekit-svg-icon icon-map-marker1\" viewbox=\"0 0 32 32\" xmlns=\"http:\/\/www.w3.org\/2000\/svg\"><path d=\"M15.988 6.775c-3.694 0-6.694 3.006-6.694 6.694s3 6.7 6.694 6.7 6.694-3.006 6.694-6.694-3-6.7-6.694-6.7zM15.988 18.563c-2.806 0-5.088-2.288-5.088-5.088s2.287-5.088 5.088-5.088 5.088 2.287 5.088 5.088-2.275 5.088-5.088 5.088zM15.988 0.4c-0.15 0-0.306 0-0.456 0.006-6.456 0.225-11.787 5.237-12.406 11.662-0.119 1.244-0.056 2.494 0.169 3.688 0 0 0.019 0.15 0.094 0.431 0.194 0.881 0.494 1.744 0.862 2.538 1.331 3.15 4.244 8 10.569 13.25 0.331 0.275 0.75 0.425 1.188 0.425 0.431 0 0.85-0.15 1.188-0.425 6.319-5.244 9.231-10.1 10.556-13.225 0.381-0.819 0.675-1.681 0.869-2.563 0.038-0.156 0.063-0.287 0.087-0.412 0.156-0.806 0.238-1.631 0.238-2.456-0.025-7.119-5.825-12.919-12.956-12.919zM27.106 15.5c0 0.012-0.019 0.125-0.063 0.325-0.175 0.775-0.431 1.525-0.775 2.269-1.262 2.988-4.037 7.6-10.106 12.637-0.056 0.044-0.119 0.056-0.163 0.056-0.037 0-0.106-0.012-0.162-0.056-6.075-5.037-8.856-9.65-10.125-12.656-0.331-0.719-0.588-1.475-0.769-2.25-0.037-0.169-0.056-0.275-0.063-0.306 0-0.012-0.006-0.025-0.006-0.037-0.2-1.069-0.256-2.169-0.15-3.256 0.544-5.625 5.212-10.019 10.869-10.213 6.425-0.225 11.725 4.938 11.725 11.319 0 0.719-0.075 1.438-0.212 2.169z\"><\/path><\/svg>\t\t\t\t<\/span>\n\t\t\t<\/div>\n\t\t\t\n\t\t\t\t\t\t<div class=\"elementor-icon-box-content\">\n\n\t\t\t\t\t\t\t\t\t<h3 class=\"elementor-icon-box-title\">\n\t\t\t\t\t\t<span  >\n\t\t\t\t\t\t\tLocation\t\t\t\t\t\t<\/span>\n\t\t\t\t\t<\/h3>\n\t\t\t\t\n\t\t\t\t\t\t\t\t\t<p class=\"elementor-icon-box-description\">\n\t\t\t\t\t\t3 Rue Luxite, L-1899 Kockelscheuer, Luxembourg\t\t\t\t\t<\/p>\n\t\t\t\t\n\t\t\t<\/div>\n\t\t\t\n\t\t<\/div>\n\t\t\t\t\t\t<\/div>\n\t\t\t\t<div class=\"elementor-element elementor-element-32925ba elementor-position-inline-start elementor-mobile-position-inline-start elementor-widget-mobile__width-inherit elementor-view-default elementor-widget elementor-widget-icon-box\" data-id=\"32925ba\" data-element_type=\"widget\" data-e-type=\"widget\" data-widget_type=\"icon-box.default\">\n\t\t\t\t\t\t\t<div class=\"elementor-icon-box-wrapper\">\n\n\t\t\t\t\t\t<div class=\"elementor-icon-box-icon\">\n\t\t\t\t<span  class=\"elementor-icon\">\n\t\t\t\t<svg class=\"ekit-svg-icon icon-email1\" viewbox=\"0 0 32 32\" xmlns=\"http:\/\/www.w3.org\/2000\/svg\"><path d=\"M30.887 30.9c0 0 0-14.113 0-18.813 0-0.194-0.244-0.438-0.481-0.619l-4.919-3.569v-3.944c0-0.388-0.325-0.65-0.65-0.65h-5.606l-2.856-2.081c-0.194-0.131-0.519-0.131-0.719 0l-2.856 2.081h-5.606c-0.388 0-0.65 0.325-0.65 0.65v3.9l-4.981 3.619c-0.294 0.181-0.481 0.419-0.481 0.619 0 4.731 0 18.938 0 18.938 0 0.369 0.294 0.625 0.6 0.65 0.019 0 0.031 0 0.050 0h28.5c0.419-0.006 0.656-0.331 0.656-0.781zM29.65 13.256v16.475l-10.756-8.613 10.756-7.863zM29.169 12.113l-3.681 2.681v-5.388l3.681 2.706zM15.988 2.456l1.144 0.844h-2.294l1.15-0.844zM24.188 4.606v11.137l-8.2 5.975-8.2-5.975v-11.137h16.4zM2.325 13.256l10.756 7.862-10.756 8.663v-16.525zM6.55 14.844l-3.775-2.75 3.775-2.744v5.494zM3.494 30.438l10.631-8.556 1.469 1.075c0.281 0.212 0.494 0.212 0.781 0l1.469-1.075 10.694 8.556h-25.044zM11.631 7.794h8.781v1.237h-8.781v-1.237zM11.631 11.762h8.781v1.238h-8.781v-1.238zM11.631 15.731h8.781v1.238h-8.781v-1.238z\"><\/path><\/svg>\t\t\t\t<\/span>\n\t\t\t<\/div>\n\t\t\t\n\t\t\t\t\t\t<div class=\"elementor-icon-box-content\">\n\n\t\t\t\t\t\t\t\t\t<h3 class=\"elementor-icon-box-title\">\n\t\t\t\t\t\t<span  >\n\t\t\t\t\t\t\tEmail\t\t\t\t\t\t<\/span>\n\t\t\t\t\t<\/h3>\n\t\t\t\t\n\t\t\t\t\t\t\t\t\t<p class=\"elementor-icon-box-description\">\n\t\t\t\t\t\t<a href=\"mailto:contact@aco.pro\" style=\"color: #0bbcc1\">contact@aco.pro<\/a>\t\t\t\t\t<\/p>\n\t\t\t\t\n\t\t\t<\/div>\n\t\t\t\n\t\t<\/div>\n\t\t\t\t\t\t<\/div>\n\t\t\t\t<\/div>\n\t\t<div class=\"elementor-element elementor-element-dd76504 e-con-full e-flex wpr-particle-no wpr-jarallax-no wpr-parallax-no wpr-sticky-section-no e-con e-child\" data-id=\"dd76504\" data-element_type=\"container\" data-e-type=\"container\">\n\t\t<div class=\"elementor-element elementor-element-6d524d5 e-con-full e-flex wpr-particle-no wpr-jarallax-no wpr-parallax-no wpr-sticky-section-no elementor-invisible e-con e-child\" data-id=\"6d524d5\" data-element_type=\"container\" data-e-type=\"container\" data-settings=\"{&quot;animation&quot;:&quot;fadeIn&quot;}\">\n\t\t\t\t<div class=\"elementor-element elementor-element-09e9608 elementor-widget elementor-widget-elementskit-heading\" data-id=\"09e9608\" data-element_type=\"widget\" data-e-type=\"widget\" data-widget_type=\"elementskit-heading.default\">\n\t\t\t\t\t<div class=\"ekit-wid-con\" ><div class=\"ekit-heading elementskit-section-title-wraper text_left   ekit_heading_tablet-   ekit_heading_mobile-\"><h2 class=\"ekit-heading--title elementskit-section-title\">Get in <span><span>Touch<\/span><\/span><\/h2><\/div><\/div>\t\t\t\t<\/div>\n\t\t\t\t<div class=\"elementor-element elementor-element-e947099 elementor-widget elementor-widget-text-editor\" data-id=\"e947099\" data-element_type=\"widget\" data-e-type=\"widget\" data-widget_type=\"text-editor.default\">\n\t\t\t\t\t\t\t\t\t<p>Have questions? Fill out the form below, and we will get back to you quickly!<\/p>\t\t\t\t\t\t\t\t<\/div>\n\t\t\t\t<div class=\"elementor-element elementor-element-e3bd758 elementor-widget elementor-widget-wpforms\" data-id=\"e3bd758\" data-element_type=\"widget\" data-e-type=\"widget\" data-widget_type=\"wpforms.default\">\n\t\t\t\t<div class=\"elementor-widget-container\">\n\t\t\t\t\t<style id=\"wpforms-css-vars-elementor-widget-e3bd758\">\n\t\t\t\t.elementor-widget-wpforms.elementor-element-e3bd758 {\n\t\t\t\t--wpforms-button-background-color: #0BBCC1;\n\t\t\t}\n\t\t\t<\/style><div class=\"wpforms-container wpforms-container-full wpforms-render-modern\" id=\"wpforms-1726\"><form id=\"wpforms-form-1726\" class=\"wpforms-validate wpforms-form wpforms-ajax-form\" data-formid=\"1726\" method=\"post\" enctype=\"multipart\/form-data\" action=\"\/en\/wp-json\/wp\/v2\/pages\/613\" data-token=\"a64d4ef89da47febf4e07b1a2d206599\" data-token-time=\"1776130550\" data-trp-original-action=\"\/en\/wp-json\/wp\/v2\/pages\/613\"><noscript class=\"wpforms-error-noscript\">Please enable JavaScript in your browser to complete this form.<\/noscript><div id=\"wpforms-error-noscript\" style=\"display: none;\">Please enable JavaScript in your browser to complete this form.<\/div><div class=\"wpforms-field-container\"><div id=\"wpforms-1726-field_1-container\" class=\"wpforms-field wpforms-field-name\" data-field-id=\"1\"><label class=\"wpforms-field-label\" for=\"wpforms-1726-field_1\">Last Name <span class=\"wpforms-required-label\" aria-hidden=\"true\">*<\/span><\/label><input type=\"text\" id=\"wpforms-1726-field_1\" class=\"wpforms-field-large wpforms-field-required\" name=\"wpforms[fields][1]\" aria-errormessage=\"wpforms-1726-field_1-error\" required><\/div>\t\t<div id=\"wpforms-1726-field_6-container\"\n\t\t\tclass=\"wpforms-field wpforms-field-text\"\n\t\t\tdata-field-type=\"text\"\n\t\t\tdata-field-id=\"6\"\n\t\t\t>\n\t\t\t<label class=\"wpforms-field-label\" for=\"wpforms-1726-field_6\" >Pr\u00e9nom Sujet Message<\/label>\n\t\t\t<input type=\"text\" id=\"wpforms-1726-field_6\" class=\"wpforms-field-medium\" name=\"wpforms[fields][6]\" >\n\t\t<\/div>\n\t\t<div id=\"wpforms-1726-field_4-container\" class=\"wpforms-field wpforms-field-text\" data-field-id=\"4\"><label class=\"wpforms-field-label\" for=\"wpforms-1726-field_4\">First Name <span class=\"wpforms-required-label\" aria-hidden=\"true\">*<\/span><\/label><input type=\"text\" id=\"wpforms-1726-field_4\" class=\"wpforms-field-large wpforms-field-required\" name=\"wpforms[fields][4]\" aria-errormessage=\"wpforms-1726-field_4-error\" required><\/div><div id=\"wpforms-1726-field_2-container\" class=\"wpforms-field wpforms-field-email\" data-field-id=\"2\"><label class=\"wpforms-field-label\" for=\"wpforms-1726-field_2\">E-mail <span class=\"wpforms-required-label\" aria-hidden=\"true\">*<\/span><\/label><input type=\"email\" id=\"wpforms-1726-field_2\" class=\"wpforms-field-large wpforms-field-required\" name=\"wpforms[fields][2]\" spellcheck=\"false\" aria-errormessage=\"wpforms-1726-field_2-error\" required><\/div><div id=\"wpforms-1726-field_5-container\" class=\"wpforms-field wpforms-field-select wpforms-field-select-style-modern\" data-field-id=\"5\"><label class=\"wpforms-field-label\" for=\"wpforms-1726-field_5\">Subject <span class=\"wpforms-required-label\" aria-hidden=\"true\">*<\/span><\/label><select id=\"wpforms-1726-field_5\" class=\"wpforms-field-large wpforms-field-required choicesjs-select\" data-size-class=\"wpforms-field-row wpforms-field-large\" data-search-enabled=\"\" name=\"wpforms[fields][5]\" required=\"required\"><option value=\"\" class=\"placeholder\" disabled selected='selected'>Select a subject<\/option><option value=\"G\u00e9n\u00e9ral\"  class=\"choice-1 depth-1\"  >General<\/option><option value=\"Support\"  class=\"choice-2 depth-1\"  >Support<\/option><option value=\"Feedback\"  class=\"choice-3 depth-1\"  >Feedback<\/option><\/select><\/div><div id=\"wpforms-1726-field_3-container\" class=\"wpforms-field wpforms-field-textarea\" data-field-id=\"3\"><label class=\"wpforms-field-label\" for=\"wpforms-1726-field_3\">Message <span class=\"wpforms-required-label\" aria-hidden=\"true\">*<\/span><\/label><textarea id=\"wpforms-1726-field_3\" class=\"wpforms-field-medium wpforms-field-required\" name=\"wpforms[fields][3]\" aria-errormessage=\"wpforms-1726-field_3-error\" required><\/textarea><\/div><script>\n\t\t\t\t( function() {\n\t\t\t\t\tconst style = document.createElement( 'style' );\n\t\t\t\t\tstyle.appendChild( document.createTextNode( '#wpforms-1726-field_6-container { position: absolute !important; overflow: hidden !important; display: inline !important; height: 1px !important; width: 1px !important; z-index: -1000 !important; padding: 0 !important; } #wpforms-1726-field_6-container input { visibility: hidden; } #wpforms-conversational-form-page #wpforms-1726-field_6-container label { counter-increment: none; }' ) );\n\t\t\t\t\tdocument.head.appendChild( style );\n\t\t\t\t\tdocument.currentScript?.remove();\n\t\t\t\t} )();\n\t\t\t<\/script><\/div><!-- .wpforms-field-container --><div class=\"wpforms-submit-container\" ><input type=\"hidden\" name=\"wpforms[id]\" value=\"1726\"><input type=\"hidden\" name=\"page_title\" value=\"\"><input type=\"hidden\" name=\"page_url\" value=\"https:\/\/www.uat.aco.pro\/en\/wp-json\/wp\/v2\/pages\/613\"><input type=\"hidden\" name=\"url_referer\" value=\"\"><button type=\"submit\" name=\"wpforms[submit]\" id=\"wpforms-submit-1726\" class=\"wpforms-submit\" data-alt-text=\"Envoi...\" data-submit-text=\"Envoyer\" aria-live=\"assertive\" value=\"wpforms-submit\">Send<\/button><img decoding=\"async\" src=\"https:\/\/www.uat.aco.pro\/wp-content\/plugins\/wpforms-lite\/assets\/images\/submit-spin.svg\" class=\"wpforms-submit-spinner\" style=\"display: none;\" width=\"26\" height=\"26\" alt=\"Loading\"><\/div><input type=\"hidden\" name=\"trp-form-language\" value=\"en\"\/><\/form><\/div>  <!-- .wpforms-container -->\t\t\t\t<\/div>\n\t\t\t\t<\/div>\n\t\t\t\t<\/div>\n\t\t<div class=\"elementor-element elementor-element-066e647 e-con-full e-flex wpr-particle-no wpr-jarallax-no wpr-parallax-no wpr-sticky-section-no e-con e-child\" data-id=\"066e647\" data-element_type=\"container\" data-e-type=\"container\">\n\t\t\t\t<div class=\"elementor-element elementor-element-452b69e elementor-widget__width-initial elementor-invisible elementor-widget elementor-widget-google_maps\" data-id=\"452b69e\" data-element_type=\"widget\" data-e-type=\"widget\" data-settings=\"{&quot;_animation&quot;:&quot;fadeInRight&quot;}\" data-widget_type=\"google_maps.default\">\n\t\t\t\t\t\t\t<div class=\"elementor-custom-embed\">\n\t\t\t<iframe loading=\"lazy\"\n\t\t\t\t\tsrc=\"https:\/\/maps.google.com\/maps?q=Alcyone%20consulting&#038;t=m&#038;z=14&#038;output=embed&#038;iwloc=near\"\n\t\t\t\t\ttitle=\"Alcyone consulting\"\n\t\t\t\t\taria-label=\"Alcyone consulting\"\n\t\t\t><\/iframe>\n\t\t<\/div>\n\t\t\t\t\t\t<\/div>\n\t\t\t\t<\/div>\n\t\t\t\t<\/div>\n\t\t\t\t<\/div>\n\t\t\t\t\t<\/div>\n\t\t\t\t<\/div>\n\t\t\t\t<\/div>","protected":false},"excerpt":{"rendered":"<p>T\u00e9l\u00e9phone +352 27 86 17 46 Localisation 3 Rue Luxite, L-1899 Kockelscheuer, Luxembourg Email contact@aco.pro Prenez contact Vous avez des questions ? Remplissez le formulaire ci-dessous et nous vous contacterons rapidement ! Veuillez activer JavaScript dans votre navigateur pour remplir ce formulaire.Veuillez activer JavaScript dans votre navigateur pour remplir ce formulaire.Nom *Pr\u00e9nom *E-mail *Sujet *S\u00e9lectionner un sujetG\u00e9n\u00e9ralSupportFeedbackMessage * Envoyer<\/p>","protected":false},"author":1,"featured_media":0,"parent":0,"menu_order":0,"comment_status":"closed","ping_status":"closed","template":"","meta":{"footnotes":""},"class_list":["post-613","page","type-page","status-publish","hentry"],"_links":{"self":[{"href":"https:\/\/www.uat.aco.pro\/en\/wp-json\/wp\/v2\/pages\/613","targetHints":{"allow":["GET"]}}],"collection":[{"href":"https:\/\/www.uat.aco.pro\/en\/wp-json\/wp\/v2\/pages"}],"about":[{"href":"https:\/\/www.uat.aco.pro\/en\/wp-json\/wp\/v2\/types\/page"}],"author":[{"embeddable":true,"href":"https:\/\/www.uat.aco.pro\/en\/wp-json\/wp\/v2\/users\/1"}],"replies":[{"embeddable":true,"href":"https:\/\/www.uat.aco.pro\/en\/wp-json\/wp\/v2\/comments?post=613"}],"version-history":[{"count":220,"href":"https:\/\/www.uat.aco.pro\/en\/wp-json\/wp\/v2\/pages\/613\/revisions"}],"predecessor-version":[{"id":2616,"href":"https:\/\/www.uat.aco.pro\/en\/wp-json\/wp\/v2\/pages\/613\/revisions\/2616"}],"wp:attachment":[{"href":"https:\/\/www.uat.aco.pro\/en\/wp-json\/wp\/v2\/media?parent=613"}],"curies":[{"name":"wp","href":"https:\/\/api.w.org\/{rel}","templated":true}]}}