{"id":655,"date":"2026-01-30T17:07:26","date_gmt":"2026-01-30T16:07:26","guid":{"rendered":"https:\/\/www.uat.aco.pro\/?page_id=655"},"modified":"2026-01-30T17:10:29","modified_gmt":"2026-01-30T16:10:29","slug":"mentions-legales","status":"publish","type":"page","link":"https:\/\/www.uat.aco.pro\/en\/mentions-legales\/","title":{"rendered":"Legal mentions"},"content":{"rendered":"<div data-elementor-type=\"wp-page\" data-elementor-id=\"655\" class=\"elementor elementor-655\">\n\t\t\t\t<div class=\"elementor-element elementor-element-2db3fa4 e-flex e-con-boxed wpr-particle-no wpr-jarallax-no wpr-parallax-no wpr-sticky-section-no e-con e-parent\" data-id=\"2db3fa4\" data-element_type=\"container\" data-e-type=\"container\">\n\t\t\t\t\t<div class=\"e-con-inner\">\n\t\t\t\t<div class=\"elementor-element elementor-element-db9a7e2 elementor-widget elementor-widget-text-editor\" data-id=\"db9a7e2\" data-element_type=\"widget\" data-e-type=\"widget\" data-widget_type=\"text-editor.default\">\n\t\t\t\t\t\t\t\t\t<h2>Legal mentions<\/h2><h3>Corporate status :<\/h3><p>SARL Alcyone Consulting<\/p><p>Limited liability company with capital of 12,400 euros<br \/><br \/><\/p><h3>Head office address :<\/h3><p>3 Rue Luxite, L-1899 Kockelscheuer, Luxembourg<br \/><br \/><\/p><h3>Company information :<\/h3><p>RCS LUXEMBOURG B 133 438<\/p><p>Intracommunity VAT : LU22277811<\/p><p>If you have any questions, please contact us by e-mail at\u00a0<a href=\"mailto:contact@alcyone-consulting.lu\" target=\"_blank\" rel=\"noopener noreferrer\">contact@alcyone-consulting.lu<\/a><br \/><br \/><\/p><h3>The domain is hosted by :<\/h3><p>OVH SAS<\/p><p>2 rue Kellermann &#8211; 59100 ROUBAIX FRANCE<\/p>\t\t\t\t\t\t\t\t<\/div>\n\t\t\t\t\t<\/div>\n\t\t\t\t<\/div>\n\t\t\t\t<\/div>","protected":false},"excerpt":{"rendered":"<p>Mentions l\u00e9gales Statut social : SARL Alcyone Consulting Soci\u00e9t\u00e9 \u00e0 Responsabilit\u00e9 Limit\u00e9e au capital de 12 400 euros Adresse du si\u00e8ge social : 3 Rue Luxite, L-1899 Kockelscheuer, Luxembourg Informations sur la soci\u00e9t\u00e9 : RCS LUXEMBOURG B 133 438 N\u00b0 de TVA intracommunautaire : LU22277811 Pour toute question, vous pouvez nous contacter par mail \u00e0 l&rsquo;adresse\u00a0contact@alcyone-consulting.lu Le domaine www.alcyone-consulting.lu est h\u00e9berg\u00e9 par : OVH SAS 2 rue Kellermann &#8211; 59100 ROUBAIX FRANCE<\/p>","protected":false},"author":1,"featured_media":0,"parent":0,"menu_order":0,"comment_status":"closed","ping_status":"closed","template":"","meta":{"footnotes":""},"class_list":["post-655","page","type-page","status-publish","hentry"],"_links":{"self":[{"href":"https:\/\/www.uat.aco.pro\/en\/wp-json\/wp\/v2\/pages\/655","targetHints":{"allow":["GET"]}}],"collection":[{"href":"https:\/\/www.uat.aco.pro\/en\/wp-json\/wp\/v2\/pages"}],"about":[{"href":"https:\/\/www.uat.aco.pro\/en\/wp-json\/wp\/v2\/types\/page"}],"author":[{"embeddable":true,"href":"https:\/\/www.uat.aco.pro\/en\/wp-json\/wp\/v2\/users\/1"}],"replies":[{"embeddable":true,"href":"https:\/\/www.uat.aco.pro\/en\/wp-json\/wp\/v2\/comments?post=655"}],"version-history":[{"count":16,"href":"https:\/\/www.uat.aco.pro\/en\/wp-json\/wp\/v2\/pages\/655\/revisions"}],"predecessor-version":[{"id":671,"href":"https:\/\/www.uat.aco.pro\/en\/wp-json\/wp\/v2\/pages\/655\/revisions\/671"}],"wp:attachment":[{"href":"https:\/\/www.uat.aco.pro\/en\/wp-json\/wp\/v2\/media?parent=655"}],"curies":[{"name":"wp","href":"https:\/\/api.w.org\/{rel}","templated":true}]}}