{"id":717,"date":"2026-02-02T10:49:49","date_gmt":"2026-02-02T09:49:49","guid":{"rendered":"https:\/\/www.uat.aco.pro\/?page_id=717"},"modified":"2026-02-09T10:25:37","modified_gmt":"2026-02-09T09:25:37","slug":"carrieres","status":"publish","type":"page","link":"https:\/\/www.uat.aco.pro\/en\/carrieres\/","title":{"rendered":"Careers"},"content":{"rendered":"<div data-elementor-type=\"wp-page\" data-elementor-id=\"717\" class=\"elementor elementor-717\">\n\t\t\t\t<div class=\"elementor-element elementor-element-5183405 e-con-full e-flex wpr-particle-no wpr-jarallax-no wpr-parallax-no wpr-sticky-section-no elementor-invisible e-con e-parent\" data-id=\"5183405\" data-element_type=\"container\" data-e-type=\"container\" data-settings=\"{&quot;background_background&quot;:&quot;classic&quot;,&quot;animation&quot;:&quot;fadeInLeft&quot;}\">\n\t\t<div class=\"elementor-element elementor-element-c390b51 e-con-full e-flex wpr-particle-no wpr-jarallax-no wpr-parallax-no wpr-sticky-section-no e-con e-child\" data-id=\"c390b51\" data-element_type=\"container\" data-e-type=\"container\">\n\t\t<div class=\"elementor-element elementor-element-53d9c44 e-con-full e-flex wpr-particle-no wpr-jarallax-no wpr-parallax-no wpr-sticky-section-no e-con e-child\" data-id=\"53d9c44\" data-element_type=\"container\" data-e-type=\"container\">\n\t\t\t\t<div class=\"elementor-element elementor-element-0376bce elementor-widget elementor-widget-html\" data-id=\"0376bce\" data-element_type=\"widget\" data-e-type=\"widget\" data-widget_type=\"html.default\">\n\t\t\t\t\t<hr style=\"height: 2px; width: 50px; background: #0BBCC1; border: none;\">\t\t\t\t<\/div>\n\t\t\t\t<div class=\"elementor-element elementor-element-9aaef23 elementor-widget elementor-widget-heading\" data-id=\"9aaef23\" data-element_type=\"widget\" data-e-type=\"widget\" data-widget_type=\"heading.default\">\n\t\t\t\t\t<h2 class=\"elementor-heading-title elementor-size-default\">Job Offer<\/h2>\t\t\t\t<\/div>\n\t\t\t\t<div class=\"elementor-element elementor-element-3970bc4 elementor-widget elementor-widget-html\" data-id=\"3970bc4\" data-element_type=\"widget\" data-e-type=\"widget\" data-widget_type=\"html.default\">\n\t\t\t\t\t<hr style=\"height: 2px; width: 50px; background: #0BBCC1; border: none;\">\t\t\t\t<\/div>\n\t\t\t\t<\/div>\n\t\t\t\t<div class=\"elementor-element elementor-element-f0df466 elementor-widget elementor-widget-heading\" data-id=\"f0df466\" data-element_type=\"widget\" data-e-type=\"widget\" data-widget_type=\"heading.default\">\n\t\t\t\t\t<h2 class=\"elementor-heading-title elementor-size-default\">Explore Career Opportunities\n<\/h2>\t\t\t\t<\/div>\n\t\t\t\t<\/div>\n\t\t<div class=\"elementor-element elementor-element-05419f9 e-con-full e-flex wpr-particle-no wpr-jarallax-no wpr-parallax-no wpr-sticky-section-no e-con e-child\" data-id=\"05419f9\" data-element_type=\"container\" data-e-type=\"container\">\n\t\t<div class=\"elementor-element elementor-element-ab365ea e-con-full e-flex wpr-particle-no wpr-jarallax-no wpr-parallax-no wpr-sticky-section-no e-con e-child\" data-id=\"ab365ea\" data-element_type=\"container\" data-e-type=\"container\">\n\t\t\t\t<div class=\"elementor-element elementor-element-eaf4f8b elementor-widget elementor-widget-shortcode\" data-id=\"eaf4f8b\" data-element_type=\"widget\" data-e-type=\"widget\" data-widget_type=\"shortcode.default\">\n\t\t\t\t\t\t\t<div class=\"elementor-shortcode\"><div class=\"aco-jobs-grid\"><article class=\"aco-job-card\"><div class=\"aco-job-logo\"><img decoding=\"async\" src=\"https:\/\/www.uat.aco.pro\/wp-content\/uploads\/2026\/01\/ACO-Human-Capital-Original.png\" alt=\"Logo\"><\/div><div class=\"aco-job-content\"><h3 class=\"aco-job-title\">Chef de projet<\/h3><p class=\"aco-job-excerpt\">ACO is looking for its next team member! We are seeking a Project Manager Consultant to strengthen our teams: Mission: You will be the point of contact between the technical and functional teams to ensure a complete understanding of the various needs. You will advise the different teams on functional and technical specifications. You will be responsible for coordinating the teams, planning the different stages of the project, and monitoring the schedule and budget. You will prepare reports to ensure follow-up with the management committee. Desired Profile: Fluent in French and English. Good knowledge of project management tools such as MS Project. Very good knowledge of Agile project management methodologies. Any project management certification would be an advantage. Excellent interpersonal and written communication skills. Rigorous and able to work under pressure. Interested in joining ACO? Attractive salary package in line with market rates. Regular training tailored to your needs and aspirations. Join a company with family values \u200b\u200bwhere every idea is valued. Personalized career development support. Note: During this recruitment process, we may ask you for a criminal record check.<\/p><div class=\"aco-job-actions\"><a class=\"aco-job-btn\" href=\"https:\/\/www.uat.aco.pro\/en\/carrieres\/chef-de-projet\/\">See the offer <span class=\"aco-job-plus\">+<\/span><\/a><\/div><\/div><\/article><article class=\"aco-job-card\"><div class=\"aco-job-logo\"><img decoding=\"async\" src=\"https:\/\/www.uat.aco.pro\/wp-content\/uploads\/2026\/01\/ACO-Human-Capital-Original.png\" alt=\"Logo\"><\/div><div class=\"aco-job-content\"><h3 class=\"aco-job-title\">Analyste &#8211; D\u00e9veloppeur Java Full Stack<\/h3><p class=\"aco-job-excerpt\">ACO is looking for its next team member! We are seeking a Full Stack Java Analyst\/Developer to strengthen our teams. Responsibilities: Participate in writing technical and functional specifications; Ensure the development of applications and software; Propose improvements regarding technical choices and functionalities to be integrated into applications; Participate in the various phases of the project: development, testing, and deployment. Desired Profile: Fluent in French and English; Good knowledge of the following back-end technologies: Java: Java 8, 11, Java EE, etc.; Web: REST API, SOAP, Web services, etc.; Databases: PostgreSQL, DB2, Oracle, etc.; Frameworks: JUnit, Spring, Hibernate, etc.; Good knowledge of the following front-end technologies: Angular, React, HTML, CSS, TypeScript, etc.; Docker, Jenkins, Maven, etc.; Excellent written and verbal communication skills; Customer satisfaction is a top priority; Rigorous and methodical. Interested in joining ACO? Attractive salary package in line with market rates. Regular training tailored to your needs and aspirations. Join a company with family values \u200b\u200bwhere every idea is valued. Personalized career development support. Note: During this recruitment process, we may ask you for a criminal record check.<\/p><div class=\"aco-job-actions\"><a class=\"aco-job-btn\" href=\"https:\/\/www.uat.aco.pro\/en\/carrieres\/analyste-developpeur-java-full-stack\/\">See the offer <span class=\"aco-job-plus\">+<\/span><\/a><\/div><\/div><\/article><article class=\"aco-job-card\"><div class=\"aco-job-logo\"><img decoding=\"async\" src=\"https:\/\/www.uat.aco.pro\/wp-content\/uploads\/2026\/01\/ACO-Human-Capital-Original.png\" alt=\"Logo\"><\/div><div class=\"aco-job-content\"><h3 class=\"aco-job-title\">Analyste &#8211; D\u00e9veloppeur .NET Full Stack<\/h3><p class=\"aco-job-excerpt\">ACO is looking for its next team member! We are seeking a Full Stack .NET Analyst\/Developer to strengthen our teams: Responsibilities: Participate in writing technical and functional specifications; Ensure the development of applications and software; Propose improvements regarding technical choices and features to be integrated into applications; Participate in the various phases of the project: development, testing, and deployment. Required Profile: Fluent in French and English; Proficient in the following programming languages: C#, .NET, VB.NET, Angular, React; Strong knowledge of the following languages \u200b\u200band tools: .NET Framework, WCF, WPF, SQL Server; Excellent written and verbal communication skills; Customer satisfaction is a top priority; Rigorous and methodical. Interested in joining ACO? Attractive salary package in line with market rates. Regular training tailored to your needs and aspirations. Join a company with family values \u200b\u200bwhere every idea is valued. Personalized career development support. Note: During this recruitment process, we may ask you for a criminal record check.<\/p><div class=\"aco-job-actions\"><a class=\"aco-job-btn\" href=\"https:\/\/www.uat.aco.pro\/en\/carrieres\/analyste-developpeur-net-full-stack\/\">See the offer <span class=\"aco-job-plus\">+<\/span><\/a><\/div><\/div><\/article><article class=\"aco-job-card\"><div class=\"aco-job-logo\"><img decoding=\"async\" src=\"https:\/\/www.uat.aco.pro\/wp-content\/uploads\/2026\/01\/ACO-Human-Capital-Original.png\" alt=\"Logo\"><\/div><div class=\"aco-job-content\"><h3 class=\"aco-job-title\">Business Analyst<\/h3><p class=\"aco-job-excerpt\">ACO is looking for its next team member! We are seeking a Business Analyst Consultant to strengthen our teams. Mission: Gather and analyze business needs through workshops or interviews. Formalize these needs in functional specifications or user stories. Model existing and target processes (BPMN, UML, etc.). Support the implementation of solutions (acceptance testing, training, change management). Contribute to the functional quality of deliverables and end-user satisfaction. Proficiency in functional analysis methods (UML, BPMN, Design Thinking, etc.). Good understanding of business processes specific to the client's sector. Knowledge of project methodologies: V-model, Agile\/Scrum, etc. Ability to write functional specifications and user stories. Experience with collaborative tools. Desired profile: Excellent communication skills (oral and written). Analytical and synthesis skills. Ability to explain technical concepts clearly. Autonomy, rigor, and a proactive approach. Want to join ACO? Attractive salary package in line with market rates. Regular training tailored to your needs and aspirations. Join a company with family values \u200b\u200bwhere every idea is valued. Personalized career development support. Note: During this recruitment process, we may ask you for a criminal record check.<\/p><div class=\"aco-job-actions\"><a class=\"aco-job-btn\" href=\"https:\/\/www.uat.aco.pro\/en\/carrieres\/business-analyst\/\">See the offer <span class=\"aco-job-plus\">+<\/span><\/a><\/div><\/div><\/article><article class=\"aco-job-card\"><div class=\"aco-job-logo\"><img decoding=\"async\" src=\"https:\/\/www.uat.aco.pro\/wp-content\/uploads\/2026\/01\/ACO-Human-Capital-Original.png\" alt=\"Logo\"><\/div><div class=\"aco-job-content\"><h3 class=\"aco-job-title\">AML\/KYC Officer<\/h3><p class=\"aco-job-excerpt\">ACO is looking for its next team member! We are seeking an AML\/KYC Officer Consultant to strengthen our teams: Mission: Implement and monitor AML\/KYC policies and procedures in accordance with local and international regulations. Control client identity verification (onboarding, updates, offboarding). Conduct periodic KYC reviews and update files according to risk level. Detect, analyze, and report suspicious transactions (SAR\/STR) to the relevant authorities. Participate in compliance risk mapping and updates. Train and raise awareness among teams regarding AML\/CFT obligations. Contribute to internal and external audits within the AML\/KYC scope. Excellent knowledge of the AML\/CFT regulatory framework. Proficiency in KYC processes (identification, due diligence, enhanced due diligence, screening, PEP, sanctions, adverse media). Knowledge of control and filtering systems (WorldCheck, Dow Jones, etc.). Ability to analyze unusual or suspicious transactions. Strong writing skills for producing compliance reports. Desired profile: Rigor and attention to detail in information processing. Absolute integrity and confidentiality. Analytical mindset and ability to connect information. Clear communication with business teams and the compliance department. Ability to work under pressure and manage multiple priorities. Join ACO? Attractive salary package in line with market rates. Regular training tailored to your desires and needs. Join a company with family values \u200b\u200bwhere every idea is heard. Personalized career support. Note: During this recruitment process, we may ask you for a criminal record check.<\/p><div class=\"aco-job-actions\"><a class=\"aco-job-btn\" href=\"https:\/\/www.uat.aco.pro\/en\/carrieres\/aml-kyc-officer\/\">See the offer <span class=\"aco-job-plus\">+<\/span><\/a><\/div><\/div><\/article><\/div><\/div>\n\t\t\t\t\t\t<\/div>\n\t\t\t\t<\/div>\n\t\t\t\t<\/div>\n\t\t\t\t<\/div>\n\t\t<div class=\"elementor-element elementor-element-ed7c674 e-con-full e-flex wpr-particle-no wpr-jarallax-no wpr-parallax-no wpr-sticky-section-no elementor-invisible e-con e-parent\" data-id=\"ed7c674\" data-element_type=\"container\" data-e-type=\"container\" data-settings=\"{&quot;background_background&quot;:&quot;classic&quot;,&quot;animation&quot;:&quot;fadeIn&quot;}\">\n\t\t<div class=\"elementor-element elementor-element-6202910 e-con-full e-flex wpr-particle-no wpr-jarallax-no wpr-parallax-no wpr-sticky-section-no e-con e-child\" data-id=\"6202910\" data-element_type=\"container\" data-e-type=\"container\">\n\t\t<div class=\"elementor-element elementor-element-847a9be e-con-full e-flex wpr-particle-no wpr-jarallax-no wpr-parallax-no wpr-sticky-section-no e-con e-child\" data-id=\"847a9be\" data-element_type=\"container\" data-e-type=\"container\">\n\t\t\t\t<div class=\"elementor-element elementor-element-6adb578 elementor-widget elementor-widget-html\" data-id=\"6adb578\" data-element_type=\"widget\" data-e-type=\"widget\" data-widget_type=\"html.default\">\n\t\t\t\t\t<hr style=\"height: 2px; width: 50px; background: #0BBCC1; border: none;\">\t\t\t\t<\/div>\n\t\t\t\t<div class=\"elementor-element elementor-element-d965923 elementor-widget elementor-widget-heading\" data-id=\"d965923\" data-element_type=\"widget\" data-e-type=\"widget\" data-widget_type=\"heading.default\">\n\t\t\t\t\t<h2 class=\"elementor-heading-title elementor-size-default\">Our Certifications<\/h2>\t\t\t\t<\/div>\n\t\t\t\t<div class=\"elementor-element elementor-element-8d5f944 elementor-widget elementor-widget-html\" data-id=\"8d5f944\" data-element_type=\"widget\" data-e-type=\"widget\" data-widget_type=\"html.default\">\n\t\t\t\t\t<hr style=\"height: 2px; width: 50px; background: #0BBCC1; border: none;\">\t\t\t\t<\/div>\n\t\t\t\t<\/div>\n\t\t\t\t<div class=\"elementor-element elementor-element-d89a1a4 elementor-widget elementor-widget-heading\" data-id=\"d89a1a4\" data-element_type=\"widget\" data-e-type=\"widget\" data-widget_type=\"heading.default\">\n\t\t\t\t\t<h2 class=\"elementor-heading-title elementor-size-default\">Our Labels, Our Pride<\/h2>\t\t\t\t<\/div>\n\t\t\t\t<\/div>\n\t\t\t\t<\/div>\n\t\t<div class=\"elementor-element elementor-element-8d3b6d7 e-con-full e-flex wpr-particle-no wpr-jarallax-no wpr-parallax-no wpr-sticky-section-no elementor-invisible e-con e-parent\" data-id=\"8d3b6d7\" data-element_type=\"container\" data-e-type=\"container\" data-settings=\"{&quot;animation&quot;:&quot;fadeInLeft&quot;}\">\n\t\t<div class=\"elementor-element elementor-element-3758909 e-con-full e-flex wpr-particle-no wpr-jarallax-no wpr-parallax-no wpr-sticky-section-no e-con e-child\" data-id=\"3758909\" data-element_type=\"container\" data-e-type=\"container\">\n\t\t<div class=\"elementor-element elementor-element-bb532f7 e-con-full e-flex wpr-particle-no wpr-jarallax-no wpr-parallax-no wpr-sticky-section-no e-con e-child\" data-id=\"bb532f7\" data-element_type=\"container\" data-e-type=\"container\">\n\t\t\t\t<div class=\"elementor-element elementor-element-309bfec elementor-widget elementor-widget-heading\" data-id=\"309bfec\" data-element_type=\"widget\" data-e-type=\"widget\" data-widget_type=\"heading.default\">\n\t\t\t\t\t<h2 class=\"elementor-heading-title elementor-size-default\">Our CSR commitment<\/h2>\t\t\t\t<\/div>\n\t\t\t\t<div class=\"elementor-element elementor-element-34ae419 elementor-widget elementor-widget-text-editor\" data-id=\"34ae419\" data-element_type=\"widget\" data-e-type=\"widget\" data-widget_type=\"text-editor.default\">\n\t\t\t\t\t\t\t\t\t<p class=\"text-gray-700 leading-relaxed font-worksans text-base sm:text-lg text-justify\">At ACO, Corporate Social Responsibility (CSR) is much more than just an approach: it's a profound commitment that guides every one of our actions. Receiving the CSR label is a distinction that testifies to our determination to combine economic performance, social well-being and respect for the environment.<\/p><p>This label is based on demanding criteria, such as the promotion of equality and diversity, the continuous improvement of working conditions, involvement in solidarity projects, and the reduction of our ecological impact. It is the fruit of a collective effort in which every employee plays a key role, embodying the values that drive us: listening, sharing, responsibility and innovation.<\/p><p>A huge thanks to our teams and partners who have accompanied us on this journey. Together, we are proving that a responsible business model can be ethical, sustainable and successful.<\/p><p>At ACO, we remain faithful to this ambition: to make a difference, for today and for tomorrow.<\/p>\t\t\t\t\t\t\t\t<\/div>\n\t\t\t\t<\/div>\n\t\t<div class=\"elementor-element elementor-element-a5e78c9 e-con-full e-flex wpr-particle-no wpr-jarallax-no wpr-parallax-no wpr-sticky-section-no e-con e-child\" data-id=\"a5e78c9\" data-element_type=\"container\" data-e-type=\"container\">\n\t\t\t\t<div class=\"elementor-element elementor-element-c93fdaa elementor-widget elementor-widget-image\" data-id=\"c93fdaa\" data-element_type=\"widget\" data-e-type=\"widget\" data-widget_type=\"image.default\">\n\t\t\t\t\t\t\t\t\t\t\t\t\t\t\t<img fetchpriority=\"high\" decoding=\"async\" width=\"800\" height=\"600\" src=\"https:\/\/www.uat.aco.pro\/wp-content\/uploads\/2026\/02\/alcyoneLogo.jpg\" class=\"attachment-large size-large wp-image-1317\" alt=\"\" srcset=\"https:\/\/www.uat.aco.pro\/wp-content\/uploads\/2026\/02\/alcyoneLogo.jpg 800w, https:\/\/www.uat.aco.pro\/wp-content\/uploads\/2026\/02\/alcyoneLogo-300x225.jpg 300w, https:\/\/www.uat.aco.pro\/wp-content\/uploads\/2026\/02\/alcyoneLogo-768x576.jpg 768w\" sizes=\"(max-width: 800px) 100vw, 800px\" \/>\t\t\t\t\t\t\t\t\t\t\t\t\t\t\t<\/div>\n\t\t\t\t<\/div>\n\t\t\t\t<\/div>\n\t\t\t\t<\/div>\n\t\t<div class=\"elementor-element elementor-element-eeb5ed6 e-con-full e-flex wpr-particle-no wpr-jarallax-no wpr-parallax-no wpr-sticky-section-no elementor-invisible e-con e-parent\" data-id=\"eeb5ed6\" data-element_type=\"container\" data-e-type=\"container\" data-settings=\"{&quot;animation&quot;:&quot;fadeInRight&quot;}\">\n\t\t<div class=\"elementor-element elementor-element-eabf6de e-con-full e-flex wpr-particle-no wpr-jarallax-no wpr-parallax-no wpr-sticky-section-no e-con e-child\" data-id=\"eabf6de\" data-element_type=\"container\" data-e-type=\"container\">\n\t\t<div class=\"elementor-element elementor-element-37de86c e-con-full e-flex wpr-particle-no wpr-jarallax-no wpr-parallax-no wpr-sticky-section-no e-con e-child\" data-id=\"37de86c\" data-element_type=\"container\" data-e-type=\"container\">\n\t\t\t\t<div class=\"elementor-element elementor-element-5d9d646 elementor-widget elementor-widget-image\" data-id=\"5d9d646\" data-element_type=\"widget\" data-e-type=\"widget\" data-widget_type=\"image.default\">\n\t\t\t\t\t\t\t\t\t\t\t\t\t\t\t<img decoding=\"async\" width=\"800\" height=\"800\" src=\"https:\/\/www.uat.aco.pro\/wp-content\/uploads\/2026\/02\/great-place-to-work.jpg\" class=\"attachment-large size-large wp-image-1340\" alt=\"\" srcset=\"https:\/\/www.uat.aco.pro\/wp-content\/uploads\/2026\/02\/great-place-to-work.jpg 800w, https:\/\/www.uat.aco.pro\/wp-content\/uploads\/2026\/02\/great-place-to-work-300x300.jpg 300w, https:\/\/www.uat.aco.pro\/wp-content\/uploads\/2026\/02\/great-place-to-work-150x150.jpg 150w, https:\/\/www.uat.aco.pro\/wp-content\/uploads\/2026\/02\/great-place-to-work-768x768.jpg 768w\" sizes=\"(max-width: 800px) 100vw, 800px\" \/>\t\t\t\t\t\t\t\t\t\t\t\t\t\t\t<\/div>\n\t\t\t\t<\/div>\n\t\t<div class=\"elementor-element elementor-element-7c7c30b e-con-full e-flex wpr-particle-no wpr-jarallax-no wpr-parallax-no wpr-sticky-section-no e-con e-child\" data-id=\"7c7c30b\" data-element_type=\"container\" data-e-type=\"container\">\n\t\t\t\t<div class=\"elementor-element elementor-element-0a7a73f elementor-widget elementor-widget-heading\" data-id=\"0a7a73f\" data-element_type=\"widget\" data-e-type=\"widget\" data-widget_type=\"heading.default\">\n\t\t\t\t\t<h2 class=\"elementor-heading-title elementor-size-default\">Great Place To Work\u00ae<\/h2>\t\t\t\t<\/div>\n\t\t\t\t<div class=\"elementor-element elementor-element-14aeb0e elementor-widget elementor-widget-text-editor\" data-id=\"14aeb0e\" data-element_type=\"widget\" data-e-type=\"widget\" data-widget_type=\"text-editor.default\">\n\t\t\t\t\t\t\t\t\t<p class=\"text-gray-700 leading-relaxed font-worksans text-base sm:text-lg text-justify\">The \u201cGREAT PLACE TO WORK\u201d label is a prestigious distinction that evaluates the quality of working life within companies. It is based on two main criteria: feedback from employees via an anonymous questionnaire, and an in-depth analysis of managerial practices and initiatives implemented by the company. The label rewards companies where trust, pride in belonging, and conviviality prevail.<\/p><p>To be recognized for two years in a row testifies to ACO's collective commitment to creating a fulfilling and caring work environment.<\/p><p>We extend our heartfelt thanks to all our employees, whose commitment and shared values make this recognition possible. Together, we are proving that a successful company can also be a great place to work.<\/p>\t\t\t\t\t\t\t\t<\/div>\n\t\t\t\t<\/div>\n\t\t\t\t<\/div>\n\t\t\t\t<\/div>\n\t\t\t\t<\/div>","protected":false},"excerpt":{"rendered":"<p>Offre d&#8217;emploi D\u00e9couvrez les opportunit\u00e9s de carri\u00e8re Nos Labels Nos Labels, Notre Fiert\u00e9 Notre Engagement RSE Chez ACO, la Responsabilit\u00e9 Soci\u00e9tale des Entreprises (RSE) est bien plus qu\u2019une simple d\u00e9marche : c\u2019est un engagement profond qui guide chacune de nos actions. Recevoir le label RSE est une distinction qui t\u00e9moigne de notre volont\u00e9 de conjuguer performance \u00e9conomique, bien-\u00eatre social, et respect de l\u2019environnement. Ce label repose sur des crit\u00e8res exigeants, tels que la promotion de l&rsquo;\u00e9galit\u00e9 et de la diversit\u00e9, l\u2019am\u00e9lioration continue des conditions de travail, l\u2019implication dans des projets solidaires, et la r\u00e9duction de notre impact \u00e9cologique. Il est le fruit d\u2019un travail collectif o\u00f9 chaque collaborateur joue un r\u00f4le cl\u00e9, en incarnant les valeurs qui nous animent : \u00e9coute, partage, responsabilit\u00e9 et innovation. Un immense merci \u00e0 nos \u00e9quipes et partenaires qui nous accompagnent dans ce cheminement. Ensemble, nous prouvons qu\u2019un mod\u00e8le d\u2019entreprise responsable peut \u00eatre \u00e0 la fois \u00e9thique, durable et performant. Chez ACO, nous restons fid\u00e8les \u00e0 cette ambition : faire la diff\u00e9rence, pour aujourd\u2019hui et pour demain. Great Place To Work\u00ae Le label \u00ab\u00a0GREAT PLACE TO WORK\u00a0\u00bb est une distinction prestigieuse qui \u00e9value la qualit\u00e9 de vie au travail au sein des entreprises. Il repose sur deux crit\u00e8res principaux : les retours des collaborateurs via un questionnaire anonyme, et une analyse approfondie des pratiques manag\u00e9riales et des initiatives mises en place par l\u2019entreprise. Ce label r\u00e9compense les entreprises o\u00f9 r\u00e8gnent la confiance, la fiert\u00e9 d\u2019appartenance, et la convivialit\u00e9. \u00catre reconnus deux ann\u00e9es cons\u00e9cutives t\u00e9moigne de l\u2019engagement collectif d\u2019ACO pour cr\u00e9er un environnement de travail \u00e9panouissant et bienveillant. Un immense merci \u00e0 tous nos collaborateurs, dont l\u2019implication et les valeurs partag\u00e9es rendent cette reconnaissance possible. Ensemble, nous prouvons qu\u2019une entreprise performante peut aussi \u00eatre un lieu o\u00f9 il fait bon travailler.<\/p>","protected":false},"author":1,"featured_media":0,"parent":0,"menu_order":0,"comment_status":"closed","ping_status":"closed","template":"","meta":{"footnotes":""},"class_list":["post-717","page","type-page","status-publish","hentry"],"_links":{"self":[{"href":"https:\/\/www.uat.aco.pro\/en\/wp-json\/wp\/v2\/pages\/717","targetHints":{"allow":["GET"]}}],"collection":[{"href":"https:\/\/www.uat.aco.pro\/en\/wp-json\/wp\/v2\/pages"}],"about":[{"href":"https:\/\/www.uat.aco.pro\/en\/wp-json\/wp\/v2\/types\/page"}],"author":[{"embeddable":true,"href":"https:\/\/www.uat.aco.pro\/en\/wp-json\/wp\/v2\/users\/1"}],"replies":[{"embeddable":true,"href":"https:\/\/www.uat.aco.pro\/en\/wp-json\/wp\/v2\/comments?post=717"}],"version-history":[{"count":39,"href":"https:\/\/www.uat.aco.pro\/en\/wp-json\/wp\/v2\/pages\/717\/revisions"}],"predecessor-version":[{"id":2282,"href":"https:\/\/www.uat.aco.pro\/en\/wp-json\/wp\/v2\/pages\/717\/revisions\/2282"}],"wp:attachment":[{"href":"https:\/\/www.uat.aco.pro\/en\/wp-json\/wp\/v2\/media?parent=717"}],"curies":[{"name":"wp","href":"https:\/\/api.w.org\/{rel}","templated":true}]}}